{"id":1505,"date":"2020-07-12T01:25:01","date_gmt":"2020-07-11T23:25:01","guid":{"rendered":"https:\/\/falconryplanet.com\/?page_id=1505"},"modified":"2020-11-27T23:53:54","modified_gmt":"2020-11-27T21:53:54","slug":"ley-de-cookies","status":"publish","type":"page","link":"https:\/\/falconryplanet.com\/en\/ley-de-cookies\/","title":{"rendered":"Cookie Law"},"content":{"rendered":"<div class=\"entry-content\">\n<h2><strong>LEY DE COOKIES<\/strong><\/h2>\n<p style=\"text-align: justify;\">En cumplimiento con lo dispuesto en el art\u00edculo 22.2 de la Ley 34\/2002, de 11 de julio, de Servicios de la Sociedad de la Informaci\u00f3n y de Comercio Electr\u00f3nico, esta p\u00e1gina web le informa, en esta secci\u00f3n, sobre la <strong>pol\u00edtica de recogida y tratamiento de cookies<\/strong>.<\/p>\n<h3><strong>\u00bfQu\u00e9 son las cookies?<\/strong><\/h3>\n<p style=\"text-align: justify;\"><span style=\"line-height: 1.5;\">Una cookie es un fichero que se descarga en su ordenador al&nbsp;acceder a determinadas p\u00e1ginas web. Las cookies permiten a una p\u00e1gina web,&nbsp;entre otras cosas, almacenar y recuperar informaci\u00f3n sobre los h\u00e1bitos de&nbsp;navegaci\u00f3n de un usuario o de su equipo y, dependiendo de la informaci\u00f3n que&nbsp;contengan y de la forma en que utilice su equipo, pueden utilizarse para&nbsp;reconocer al usuario.&nbsp;<\/span><\/p>\n<h3>\u00bfQu\u00e9 tipos de cookies utiliza esta p\u00e1gina web?<\/h3>\n<p>Esta p\u00e1gina web utiliza o puede utilizar en un futuro los siguientes tipos de cookies:<\/p>\n<p style=\"text-align: justify;\"><span style=\"text-decoration: underline;\"><strong>Cookies de an\u00e1lisis<\/strong><\/span>: Son aqu\u00e9llas que bien tratadas por nosotros o por&nbsp;terceros, nos permiten cuantificar el n\u00famero de usuarios y as\u00ed realizar la&nbsp;medici\u00f3n y an\u00e1lisis estad\u00edstico de la utilizaci\u00f3n que hacen los usuarios del&nbsp;servicio ofertado. Para ello se analiza su navegaci\u00f3n en nuestra p\u00e1gina web&nbsp;con el fin de mejorar la oferta de productos o servicios que le ofrecemos. Nuestra web actualmente usa las cookies de GOOGLE ADWORDS para gestionar la procedencia de las consultas.<\/p>\n<h3><strong>Desactivar las cookies.<\/strong><\/h3>\n<p style=\"text-align: justify;\">Puede usted <strong>permitir, bloquear o eliminar las cookies<\/strong> instaladas en su equipo&nbsp;mediante la configuraci\u00f3n de las opciones del navegador instalado en su&nbsp;ordenador.&nbsp;En la mayor\u00eda de los navegadores web se ofrece la posibilidad de permitir, bloquear o eliminar las cookies instaladas en su equipo.&nbsp;A continuaci\u00f3n puede acceder a la configuraci\u00f3n de los navegadores webs m\u00e1s frecuentes para aceptar, instalar o desactivar las cookies:<\/p>\n<p><a href=\"https:\/\/support.google.com\/chrome\/answer\/95647?hl=es\" target=\"_blank\" rel=\"noopener noreferrer\">Configurar cookies en Google Chrome<\/a><br \/>\n<a href=\"https:\/\/windows.microsoft.com\/es-es\/windows7\/how-to-manage-cookies-in-internet-explorer-9\" target=\"_blank\" rel=\"noopener noreferrer\">Configurar cookies en Microsoft Internet Explorer<\/a><br \/>\n<a href=\"https:\/\/support.mozilla.org\/es\/kb\/habilitar-y-deshabilitar-cookies-sitios-web-rastrear-preferencias?redirectlocale=es&amp;redirectslug=habilitar-y-deshabilitar-cookies-que-los-sitios-we\" target=\"_blank\" rel=\"noopener noreferrer\">Configurar cookies en Mozilla Firefox<\/a><br \/>\n<a href=\"https:\/\/support.apple.com\/es-es\/HT201265\" target=\"_blank\" rel=\"noopener noreferrer\">Configurar cookies en Safari (Apple)<\/a><\/p>\n<h3>Cookies de terceros.<\/h3>\n<p style=\"text-align: justify;\">Usamos o podemos usar segun temporadas, los servicios de Google Analytics para nuestras estad\u00edsticas y publicidad.<\/p>\n<h4>Advertencia sobre eliminar&nbsp;cookies.<\/h4>\n<p style=\"text-align: justify;\">Usted puede eliminar y bloquear todas las cookies de este sitio, pero parte del sitio no funcionar\u00e1 o la calidad de la p\u00e1gina web puede verse afectada.&nbsp;Si tiene cualquier duda acerca de&nbsp;nuestra pol\u00edtica de cookies, puede contactar con esta p\u00e1gina web a trav\u00e9s de nuestros canales de Contacto.<\/p>\n<\/p><\/div>","protected":false},"excerpt":{"rendered":"<p>LEY DE COOKIES En cumplimiento con lo dispuesto en el art\u00edculo 22.2 de la Ley 34\/2002, de 11 de julio,<\/p>","protected":false},"author":2,"featured_media":0,"parent":0,"menu_order":0,"comment_status":"closed","ping_status":"closed","template":"","meta":{"_joinchat":[],"footnotes":""},"class_list":["post-1505","page","type-page","status-publish","hentry"],"_links":{"self":[{"href":"https:\/\/falconryplanet.com\/en\/wp-json\/wp\/v2\/pages\/1505","targetHints":{"allow":["GET"]}}],"collection":[{"href":"https:\/\/falconryplanet.com\/en\/wp-json\/wp\/v2\/pages"}],"about":[{"href":"https:\/\/falconryplanet.com\/en\/wp-json\/wp\/v2\/types\/page"}],"author":[{"embeddable":true,"href":"https:\/\/falconryplanet.com\/en\/wp-json\/wp\/v2\/users\/2"}],"replies":[{"embeddable":true,"href":"https:\/\/falconryplanet.com\/en\/wp-json\/wp\/v2\/comments?post=1505"}],"version-history":[{"count":0,"href":"https:\/\/falconryplanet.com\/en\/wp-json\/wp\/v2\/pages\/1505\/revisions"}],"wp:attachment":[{"href":"https:\/\/falconryplanet.com\/en\/wp-json\/wp\/v2\/media?parent=1505"}],"curies":[{"name":"wp","href":"https:\/\/api.w.org\/{rel}","templated":true}]}}