{"id":1951,"date":"2021-11-24T22:58:38","date_gmt":"2021-11-24T20:58:38","guid":{"rendered":"https:\/\/falconryplanet.com\/?post_type=product&#038;p=1951"},"modified":"2026-05-03T17:54:19","modified_gmt":"2026-05-03T15:54:19","slug":"ayama-pointer-basic","status":"publish","type":"product","link":"https:\/\/falconryplanet.com\/en\/ayama-pointer-basic\/","title":{"rendered":"Ayama Pointer Basic"},"content":{"rendered":"<p>Autonom\u00eda:\u00a06 horas<br \/>\nPeso:\u00a0180 g<br \/>\nMedidas:\u00a06.9 cm x 2 cm x 11.5 cm<\/p>\n<p>El modelo\u00a0POINTER Basic\u00a0es un receptor inteligente, con un dise\u00f1o y prestaciones \u00fanicas.\u00a0AYAMA\u00a0utiliza las tecnolog\u00edas m\u00e1s avanzadas para crear una nueva generaci\u00f3n de receptores de radio-tracking de f\u00e1cil manejo y diferentes modos de trabajo.<br \/>\nModo Manual,\u00a0para los m\u00e1s experimentados. Gran rapidez y precisi\u00f3n en la b\u00fasqueda.<br \/>\nModo Smart,\u00a0con supresi\u00f3n de ruido y asistente de b\u00fasqueda con indicaci\u00f3n de direcci\u00f3n. Gran precisi\u00f3n en la b\u00fasqueda.<br \/>\n-Sistema autom\u00e1tico de sintonizaci\u00f3n de canales.<br \/>\n-Sistema Smart de supresi\u00f3n de ruido.<br \/>\n-Sistema asistido de indicaci\u00f3n de direcci\u00f3n.<br \/>\n-Sistema ilimitado de memorias.<br \/>\n-Pantalla t\u00e1ctil a color.<\/p>","protected":false},"excerpt":{"rendered":"<p>Autonom\u00eda:\u00a06 horas Peso:\u00a0180 g Medidas:\u00a06.9 cm x 2 cm x 11.5 cm El modelo\u00a0POINTER Basic\u00a0es un receptor inteligente, con un<\/p>","protected":false},"featured_media":2011,"template":"","meta":{"_joinchat":[]},"product_brand":[],"product_cat":[37,39],"product_tag":[],"class_list":{"0":"post-1951","1":"product","2":"type-product","3":"status-publish","4":"has-post-thumbnail","6":"product_cat-telemetria-y-accesorios","7":"product_cat-receptores","9":"first","10":"instock","11":"shipping-taxable","12":"product-type-simple"},"_links":{"self":[{"href":"https:\/\/falconryplanet.com\/en\/wp-json\/wp\/v2\/product\/1951","targetHints":{"allow":["GET"]}}],"collection":[{"href":"https:\/\/falconryplanet.com\/en\/wp-json\/wp\/v2\/product"}],"about":[{"href":"https:\/\/falconryplanet.com\/en\/wp-json\/wp\/v2\/types\/product"}],"wp:featuredmedia":[{"embeddable":true,"href":"https:\/\/falconryplanet.com\/en\/wp-json\/wp\/v2\/media\/2011"}],"wp:attachment":[{"href":"https:\/\/falconryplanet.com\/en\/wp-json\/wp\/v2\/media?parent=1951"}],"wp:term":[{"taxonomy":"product_brand","embeddable":true,"href":"https:\/\/falconryplanet.com\/en\/wp-json\/wp\/v2\/product_brand?post=1951"},{"taxonomy":"product_cat","embeddable":true,"href":"https:\/\/falconryplanet.com\/en\/wp-json\/wp\/v2\/product_cat?post=1951"},{"taxonomy":"product_tag","embeddable":true,"href":"https:\/\/falconryplanet.com\/en\/wp-json\/wp\/v2\/product_tag?post=1951"}],"curies":[{"name":"wp","href":"https:\/\/api.w.org\/{rel}","templated":true}]}}