{"id":1964,"date":"2021-11-24T22:58:39","date_gmt":"2021-11-24T20:58:39","guid":{"rendered":"https:\/\/falconryplanet.com\/?post_type=product&#038;p=1964"},"modified":"2021-11-24T23:00:45","modified_gmt":"2021-11-24T21:00:45","slug":"r-com-incubadora-20-pro-usb","status":"publish","type":"product","link":"https:\/\/falconryplanet.com\/en\/r-com-incubadora-20-pro-usb\/","title":{"rendered":"R-COM Incubadora 20 PRO USB"},"content":{"rendered":"<p>Capacidad huevos: Bandeja con alv\u00e9olos.<br \/>\nPeque\u00f1o (perdiz, codorniz&#8230;&#8230;) 52 huevos.<br \/>\nMediano (gallina, fais\u00e1n&#8230;&#8230;) 20 huevos.<br \/>\nGrande (pavo, pato&#8230;&#8230;) 10 huevos.<\/p>\n<p>Volteo autom\u00e1tico.<br \/>\nRegulaci\u00f3n digital y autom\u00e1tico de temperatura y humedad, (con programas predefinidos para varias especies).<br \/>\nAlarma de m\u00e1xima y m\u00ednima.<br \/>\nPreparada para control por ordenador.<br \/>\nConsumo medio: 48 Vatios<br \/>\nMedidas: Ancho 50 cm, fondo 41 cm, alto 16 cm.<br \/>\nPeso: 4,7 Kg.<\/p>","protected":false},"excerpt":{"rendered":"<p>Capacidad huevos: Bandeja con alv\u00e9olos. Peque\u00f1o (perdiz, codorniz&#8230;&#8230;) 52 huevos. Mediano (gallina, fais\u00e1n&#8230;&#8230;) 20 huevos. Grande (pavo, pato&#8230;&#8230;) 10 huevos.<\/p>","protected":false},"featured_media":2056,"template":"","meta":{"_joinchat":[]},"product_brand":[],"product_cat":[45,46],"product_tag":[],"class_list":{"0":"post-1964","1":"product","2":"type-product","3":"status-publish","4":"has-post-thumbnail","6":"product_cat-cria-en-cautividad","7":"product_cat-incubadoras","9":"first","10":"instock","11":"shipping-taxable","12":"product-type-simple"},"_links":{"self":[{"href":"https:\/\/falconryplanet.com\/en\/wp-json\/wp\/v2\/product\/1964","targetHints":{"allow":["GET"]}}],"collection":[{"href":"https:\/\/falconryplanet.com\/en\/wp-json\/wp\/v2\/product"}],"about":[{"href":"https:\/\/falconryplanet.com\/en\/wp-json\/wp\/v2\/types\/product"}],"wp:featuredmedia":[{"embeddable":true,"href":"https:\/\/falconryplanet.com\/en\/wp-json\/wp\/v2\/media\/2056"}],"wp:attachment":[{"href":"https:\/\/falconryplanet.com\/en\/wp-json\/wp\/v2\/media?parent=1964"}],"wp:term":[{"taxonomy":"product_brand","embeddable":true,"href":"https:\/\/falconryplanet.com\/en\/wp-json\/wp\/v2\/product_brand?post=1964"},{"taxonomy":"product_cat","embeddable":true,"href":"https:\/\/falconryplanet.com\/en\/wp-json\/wp\/v2\/product_cat?post=1964"},{"taxonomy":"product_tag","embeddable":true,"href":"https:\/\/falconryplanet.com\/en\/wp-json\/wp\/v2\/product_tag?post=1964"}],"curies":[{"name":"wp","href":"https:\/\/api.w.org\/{rel}","templated":true}]}}