{"id":1971,"date":"2021-11-24T22:58:39","date_gmt":"2021-11-24T20:58:39","guid":{"rendered":"https:\/\/falconryplanet.com\/?post_type=product&#038;p=1971"},"modified":"2021-11-24T23:01:23","modified_gmt":"2021-11-24T21:01:23","slug":"monitor-buddy-mk-ll","status":"publish","type":"product","link":"https:\/\/falconryplanet.com\/en\/monitor-buddy-mk-ll\/","title":{"rendered":"Monitor BUDDY MK ll"},"content":{"rendered":"<p>El monitor Buddy MK II es realmente extraordinario.<br \/>\nPermite detectar los latidos del coraz\u00f3n del embri\u00f3n durante el proceso de incubaci\u00f3n.<br \/>\nBasado en la amplificaci\u00f3n de los rayos infrarrojos emitidos por el huevo, el monitor Buddy indica en tiempo real el ritmo cardiaco del embri\u00f3n. Esta t\u00e9cnica permite verificar si el pollito se encuentra en buen estado e intervenir sobre el huevo si el pollito est\u00e1 sufriendo.<br \/>\nEs un instrumento muy preciso, indispensable para los huevos de gran valor.<br \/>\nEl monitor cuenta con 3 sensores de alta calidad, puede utilizarse con huevos de rapaces.<br \/>\n&#8211; Alimentaci\u00f3n: funciona con una pila de 9V (no incluida).<br \/>\nPlazo de entrega: 5 d\u00edas laborables.<\/p>","protected":false},"excerpt":{"rendered":"<p>El monitor Buddy MK II es realmente extraordinario. Permite detectar los latidos del coraz\u00f3n del embri\u00f3n durante el proceso de<\/p>","protected":false},"featured_media":2079,"template":"","meta":{"_joinchat":[]},"product_brand":[],"product_cat":[51,45],"product_tag":[],"class_list":{"0":"post-1971","1":"product","2":"type-product","3":"status-publish","4":"has-post-thumbnail","6":"product_cat-buddy-monitor","7":"product_cat-cria-en-cautividad","9":"first","10":"instock","11":"shipping-taxable","12":"product-type-simple"},"_links":{"self":[{"href":"https:\/\/falconryplanet.com\/en\/wp-json\/wp\/v2\/product\/1971","targetHints":{"allow":["GET"]}}],"collection":[{"href":"https:\/\/falconryplanet.com\/en\/wp-json\/wp\/v2\/product"}],"about":[{"href":"https:\/\/falconryplanet.com\/en\/wp-json\/wp\/v2\/types\/product"}],"wp:featuredmedia":[{"embeddable":true,"href":"https:\/\/falconryplanet.com\/en\/wp-json\/wp\/v2\/media\/2079"}],"wp:attachment":[{"href":"https:\/\/falconryplanet.com\/en\/wp-json\/wp\/v2\/media?parent=1971"}],"wp:term":[{"taxonomy":"product_brand","embeddable":true,"href":"https:\/\/falconryplanet.com\/en\/wp-json\/wp\/v2\/product_brand?post=1971"},{"taxonomy":"product_cat","embeddable":true,"href":"https:\/\/falconryplanet.com\/en\/wp-json\/wp\/v2\/product_cat?post=1971"},{"taxonomy":"product_tag","embeddable":true,"href":"https:\/\/falconryplanet.com\/en\/wp-json\/wp\/v2\/product_tag?post=1971"}],"curies":[{"name":"wp","href":"https:\/\/api.w.org\/{rel}","templated":true}]}}