{"id":1980,"date":"2021-11-24T22:59:02","date_gmt":"2021-11-24T20:59:02","guid":{"rendered":"https:\/\/falconryplanet.com\/?post_type=product&#038;p=1980"},"modified":"2021-11-24T23:01:25","modified_gmt":"2021-11-24T21:01:25","slug":"higrometro-haar-synth-hh70","status":"publish","type":"product","link":"https:\/\/falconryplanet.com\/en\/higrometro-haar-synth-hh70\/","title":{"rendered":"Higr\u00f3metro HAAR-SYNTH HH70"},"content":{"rendered":"<p>El higr\u00f3metro de pelo sint\u00e9tico nos permite conocer de forma precisa la humedad relativa de la sala de incubaci\u00f3n o del interior de la incubadora\/nacedora, seg\u00fan donde este colocado.<br \/>\nEl higr\u00f3metro nos muestra el porcentaje de humedad relativa en una escala de 0 a 100 y se puede calibrar con facilidad.<br \/>\nLa humedad necesaria en la incubadora depende de la especie a incubar, necesitaremos diferente humedad dentro de la m\u00e1quina seg\u00fan el tipo de huevo y la porosidad de la c\u00e1scara.<br \/>\n&#8211; Fabricado en Alemania.<br \/>\n&#8211; Dimensiones: \u00d8 70 x 20 mm.<br \/>\nPlazo de entrega: 5 d\u00edas laborables.<\/p>","protected":false},"excerpt":{"rendered":"<p>El higr\u00f3metro de pelo sint\u00e9tico nos permite conocer de forma precisa la humedad relativa de la sala de incubaci\u00f3n o<\/p>","protected":false},"featured_media":2080,"template":"","meta":{"_joinchat":[]},"product_brand":[],"product_cat":[45,50],"product_tag":[],"class_list":{"0":"post-1980","1":"product","2":"type-product","3":"status-publish","4":"has-post-thumbnail","6":"product_cat-cria-en-cautividad","7":"product_cat-higrometros","9":"first","10":"instock","11":"shipping-taxable","12":"product-type-simple"},"_links":{"self":[{"href":"https:\/\/falconryplanet.com\/en\/wp-json\/wp\/v2\/product\/1980","targetHints":{"allow":["GET"]}}],"collection":[{"href":"https:\/\/falconryplanet.com\/en\/wp-json\/wp\/v2\/product"}],"about":[{"href":"https:\/\/falconryplanet.com\/en\/wp-json\/wp\/v2\/types\/product"}],"wp:featuredmedia":[{"embeddable":true,"href":"https:\/\/falconryplanet.com\/en\/wp-json\/wp\/v2\/media\/2080"}],"wp:attachment":[{"href":"https:\/\/falconryplanet.com\/en\/wp-json\/wp\/v2\/media?parent=1980"}],"wp:term":[{"taxonomy":"product_brand","embeddable":true,"href":"https:\/\/falconryplanet.com\/en\/wp-json\/wp\/v2\/product_brand?post=1980"},{"taxonomy":"product_cat","embeddable":true,"href":"https:\/\/falconryplanet.com\/en\/wp-json\/wp\/v2\/product_cat?post=1980"},{"taxonomy":"product_tag","embeddable":true,"href":"https:\/\/falconryplanet.com\/en\/wp-json\/wp\/v2\/product_tag?post=1980"}],"curies":[{"name":"wp","href":"https:\/\/api.w.org\/{rel}","templated":true}]}}