{"id":2018,"date":"2021-11-24T22:59:53","date_gmt":"2021-11-24T20:59:53","guid":{"rendered":"https:\/\/falconryplanet.com\/?post_type=product&#038;p=2018"},"modified":"2021-11-24T23:01:45","modified_gmt":"2021-11-24T21:01:45","slug":"nekton-s-150-gr","status":"publish","type":"product","link":"https:\/\/falconryplanet.com\/en\/nekton-s-150-gr\/","title":{"rendered":"NEKTON S 150 gr"},"content":{"rendered":"<p>&#8216;- NEKTON S es un uplemento alimenticio para animales formulado para proporcionar la cantidad diaria adecuada de vitaminas, minerales y amino\u00e1cidos evitando sus posibles deficiencias. Al ser un polvo soluble en agua fr\u00eda.<br \/>\n&#8211; NEKTON S se a\u00f1ade f\u00e1cilmente al agua de bebida o si se prefiere sobre la dieta blanda (fruta \/ pasta de huevo).<br \/>\nPara obtener mejores resultados durante la reproducci\u00f3n se recomienda combinar\u00a0NEKTON-S\u00a0con\u00a0NEKTON-E.<\/p>\n<p>DOSIFICACI\u00d3N:<br \/>\n&#8211; Es un polvo soluble en agua fr\u00eda que representa la forma ideal de enriquecer la dieta de sus aves de jaula. Puede a\u00f1adirse al agua del bebedero o bien espolvorearse sobre los alimentos blandos.<br \/>\nCada envase de\u00a0NEKTON S\u00a0contiene una cucharilla dosificadora de 1 g.<br \/>\nAdici\u00f3n al agua del bebedero.<br \/>\nCambie el agua del bebedero diariamente y prepare \u00fanicamente la cantidad de agua que su p\u00e1jaro consume en un d\u00eda, ajustando la dosis de NEKTON-S.<br \/>\nEl fabricante recomienda 1 g de NEKTON-S por cada 250 ml de agua.<br \/>\nEspolvoreo sobre alimentos blandos.<br \/>\nSi se a\u00f1ade al alimento, solo debe repartirse la cantidad de NEKTON-S que corresponda a la raci\u00f3n diaria.<br \/>\nEl fabricante recomienda a\u00f1adir 1 g de NEKTON-S por cada 250 g de alimento blando (p.ej. pasta de cr\u00eda).<br \/>\nPauta (utilizando la cucharilla dosificadora):<br \/>\n1 cucharada por cada 250 ml de agua (1\/4 de una cucharilla de caf\u00e9 por cada 250 ml).<br \/>\n2 cucharadas por cada 500 ml de agua (1\/2 cucharilla de caf\u00e9 por cada 500 ml de agua).<br \/>\nSi solo hay que alimentar a un p\u00e1jaro, con una aguja fina haremos un aguiero en la tapa y sacudiremos el frasco de NEKTON-S sobre el agua del bebedero o sobre la pasta de cr\u00eda.<br \/>\nEn situaciones estresantes (cambios de jaula, tras la adquisici\u00f3n), en caso de enfermedad y similares, la dosis de NEKTON-S puede doblarse sin inconveniente alguno.<br \/>\nEmplee\u00a0NEKTON E\u00a0junto con\u00a0NEKTON S\u00a0para conseguir mejorar la fecundaci\u00f3n. Si Ud. sigue estos consejos le sorprender\u00e1n los resultados reproductivos que conseguir\u00e1.<\/p>\n<p>ADVERTENCIAS:<br \/>\nAl igual que ocurre con todos los productos ricos en prote\u00edna, debe prestarse una atenci\u00f3n especial a la higiene cuando\u00a0NEKTON S\u00a0se a\u00f1ade al agua del bebedero. La soluci\u00f3n debe cambiarse diariamente, pero antes el bebedero o el dispensador del agua debe limpiarse y desinfectarse a fondo. Aconsejamos la limpieza de bebederos con\u00a0NEKTON DESI PLUS<br \/>\nComo este suplemento contiene m\u00e1s vitamina D y oligoelementos que el pienso completo, \u00fanicamente debe a\u00f1adirse al 10% de la raci\u00f3n diaria del ave.<br \/>\nCons\u00e9rvese en un lugar seco, fresco y oscuro. En un envase sin abrir y almacenado en condiciones adecuadas, las vitaminas contenidas en NEKTON-S no pierden sus propiedades hasta la fecha de caducidad.<\/p>\n<p>VITAMINAS:<br \/>\nVitamina A, vitamina D3, vitamina E, vitamina B1, vitamina B2, d-pantotenato de calcio, amida del \u00e1cido nicot\u00ednico, vitamina B6, \u00e1cido f\u00f3lico, vitamina B12, vitamina C, vitamina K3, biotina.<br \/>\nMinerales y oligoelementos :<br \/>\nCalcio \/ zinc, manganeso \/ cobre \/ hierro \/cobalto \/ yodo Amino\u00e1cidos : L-alanina \/ L-arginina \/ L-\u00e1cido asp\u00e1rtico \/ L-cistina \/ L-glutamina \/ L-glicina \/ L-histidina \/ L-isoleucina \/ L-leucina \/ L-lisina \/ DL-metionina \/ L-fenilalanina \/ L-prolina \/ L-serina \/ L-treonina \/ L-tript\u00f3fano \/ L-tirosina \/ L-valina.<br \/>\nPlazo de entrega: 5 d\u00edas laborables.<\/p>","protected":false},"excerpt":{"rendered":"<p>&#8216;- NEKTON S es un uplemento alimenticio para animales formulado para proporcionar la cantidad diaria adecuada de vitaminas, minerales y<\/p>","protected":false},"featured_media":2101,"template":"","meta":{"_joinchat":[]},"product_brand":[],"product_cat":[53,52],"product_tag":[54],"class_list":{"0":"post-2018","1":"product","2":"type-product","3":"status-publish","4":"has-post-thumbnail","6":"product_cat-vitaminas","7":"product_cat-vitaminas-y-desinfectantes","8":"product_tag-14-30","10":"first","11":"instock","12":"shipping-taxable","13":"product-type-simple"},"_links":{"self":[{"href":"https:\/\/falconryplanet.com\/en\/wp-json\/wp\/v2\/product\/2018","targetHints":{"allow":["GET"]}}],"collection":[{"href":"https:\/\/falconryplanet.com\/en\/wp-json\/wp\/v2\/product"}],"about":[{"href":"https:\/\/falconryplanet.com\/en\/wp-json\/wp\/v2\/types\/product"}],"wp:featuredmedia":[{"embeddable":true,"href":"https:\/\/falconryplanet.com\/en\/wp-json\/wp\/v2\/media\/2101"}],"wp:attachment":[{"href":"https:\/\/falconryplanet.com\/en\/wp-json\/wp\/v2\/media?parent=2018"}],"wp:term":[{"taxonomy":"product_brand","embeddable":true,"href":"https:\/\/falconryplanet.com\/en\/wp-json\/wp\/v2\/product_brand?post=2018"},{"taxonomy":"product_cat","embeddable":true,"href":"https:\/\/falconryplanet.com\/en\/wp-json\/wp\/v2\/product_cat?post=2018"},{"taxonomy":"product_tag","embeddable":true,"href":"https:\/\/falconryplanet.com\/en\/wp-json\/wp\/v2\/product_tag?post=2018"}],"curies":[{"name":"wp","href":"https:\/\/api.w.org\/{rel}","templated":true}]}}