{"id":2040,"date":"2021-11-24T23:00:21","date_gmt":"2021-11-24T21:00:21","guid":{"rendered":"https:\/\/falconryplanet.com\/?post_type=product&#038;p=2040"},"modified":"2021-11-24T23:01:50","modified_gmt":"2021-11-24T21:01:50","slug":"vitahawk-mantenimiento-100-gr","status":"publish","type":"product","link":"https:\/\/falconryplanet.com\/en\/vitahawk-mantenimiento-100-gr\/","title":{"rendered":"VITAHAWK Mantenimiento 100 gr"},"content":{"rendered":"<p>VITAHAWK Mantenimiento es un suplemento vitam\u00ednico de alta calidad para halcones y rapaces reproductores.<br \/>\nEst\u00e1 dise\u00f1ado para rociarse diariamente en la comida de su raptor.<\/p>\n<p>TAMA\u00d1OS:<br \/>\n100 grs y 300 grs.<br \/>\nPlazo de entrega: 5 d\u00edas laborables.<br \/>\n<strong>Special prices on orders of three or more units, please contact us.<\/strong><\/p>","protected":false},"excerpt":{"rendered":"<p>VITAHAWK Mantenimiento es un suplemento vitam\u00ednico de alta calidad para halcones y rapaces reproductores. Est\u00e1 dise\u00f1ado para rociarse diariamente en<\/p>","protected":false},"featured_media":2104,"template":"","meta":{"_joinchat":[]},"product_brand":[],"product_cat":[53,52],"product_tag":[],"class_list":{"0":"post-2040","1":"product","2":"type-product","3":"status-publish","4":"has-post-thumbnail","6":"product_cat-vitaminas","7":"product_cat-vitaminas-y-desinfectantes","9":"first","10":"instock","11":"shipping-taxable","12":"product-type-simple"},"_links":{"self":[{"href":"https:\/\/falconryplanet.com\/en\/wp-json\/wp\/v2\/product\/2040","targetHints":{"allow":["GET"]}}],"collection":[{"href":"https:\/\/falconryplanet.com\/en\/wp-json\/wp\/v2\/product"}],"about":[{"href":"https:\/\/falconryplanet.com\/en\/wp-json\/wp\/v2\/types\/product"}],"wp:featuredmedia":[{"embeddable":true,"href":"https:\/\/falconryplanet.com\/en\/wp-json\/wp\/v2\/media\/2104"}],"wp:attachment":[{"href":"https:\/\/falconryplanet.com\/en\/wp-json\/wp\/v2\/media?parent=2040"}],"wp:term":[{"taxonomy":"product_brand","embeddable":true,"href":"https:\/\/falconryplanet.com\/en\/wp-json\/wp\/v2\/product_brand?post=2040"},{"taxonomy":"product_cat","embeddable":true,"href":"https:\/\/falconryplanet.com\/en\/wp-json\/wp\/v2\/product_cat?post=2040"},{"taxonomy":"product_tag","embeddable":true,"href":"https:\/\/falconryplanet.com\/en\/wp-json\/wp\/v2\/product_tag?post=2040"}],"curies":[{"name":"wp","href":"https:\/\/api.w.org\/{rel}","templated":true}]}}