{"id":2042,"date":"2021-11-24T23:00:21","date_gmt":"2021-11-24T21:00:21","guid":{"rendered":"https:\/\/falconryplanet.com\/?post_type=product&#038;p=2042"},"modified":"2021-11-24T23:01:53","modified_gmt":"2021-11-24T21:01:53","slug":"virkons-s-caja-50-sobres","status":"publish","type":"product","link":"https:\/\/falconryplanet.com\/en\/virkons-s-caja-50-sobres\/","title":{"rendered":"Virkons S Caja 50 Sobres"},"content":{"rendered":"<p>VIRKONS S es un\u00a0poderoso desinfectante viricida de amplio espectro, de \u00faltima generaci\u00f3n.<br \/>\nDesinfectante de efectividad probada de manera independiente contra organismos causantes de enfermedades virales, bacteriana y f\u00fangicas.<br \/>\nEfectivo en superficies porosas, aguas duras, bajas temperaturas y en presencia de materia org\u00e1nica.<\/p>\n<p>INDICACIONES:<br \/>\n*Para el control seguro y efectivo de virus, bacteris, hongos, levaduras y moho. *Es completamente inocuo. *No irrita la piel ni los ojos. *No deja residuos. *No desprende vapores ni olores. *Ausencia absoluta de toxicidad. *Protege a las personas, animales y alimento. *Es Biodegradable (en armon\u00eda con el Medio Ambiente). *En un solo paso puede aplicarse para limpiar y desinfectar superficies. *Posee un indicador a color (rosado) que informa al usuario que el producto est\u00e1 activo. *Tiene una vida \u00fatil de aproximadamente 7 d\u00edas.<br \/>\n-USOS Y DISOLUCIONES:<br \/>\n*En Desinfecci\u00f3n rutinaria de superficies, limpieza, desinfecci\u00f3n rutinaria de equipo m\u00f3vil y pediluvios= 1:100 (1%)\u00f3 10 gr x Lt de agua &#8211; Aplicar 200 a 300 ml x m2. *Limpieza y Desinfecci\u00f3n de: Equipos de granja, procesamiento de alimentos, criadero de aves, Desinfecci\u00f3n de terminales de agua= 1:200 a 1:100 (0.5% a 1% \u00f3 5 gr a 10 gr x Lt de agua), dependiendo del nivel de suciedad &#8211; Aplicaci\u00f3n 300 ml x m2. *Desinfecci\u00f3n x Nebulizaci\u00f3n en fr\u00edo = 1:100 (1%) \u00f3 10 gr x Lt de agua.<br \/>\n&#8211; Aplicaci\u00f3n 1 Lt de soluci\u00f3n por cada 10 m2 de piso.<br \/>\n&#8211; Presentaci\u00f3n: Caja 50 sobres x 50 gr; Balde x 5, 10 y 50 Kg.<\/p>\n<p>COMPOSICI\u00d3N:<br \/>\nMonopersulfato de potasio Sulfato monopot\u00e1sico Sulf\u00e1to pot\u00e1sico &#8230;50% \u00c1cido sulf\u00e1mico Sulfonato de sodio Excipientes.<br \/>\nPlazo de entrega: 5 d\u00edas laborables.<br \/>\n<strong>Special prices on orders of three or more units, please contact us.<\/strong><\/p>","protected":false},"excerpt":{"rendered":"<p>VIRKONS S es un\u00a0poderoso desinfectante viricida de amplio espectro, de \u00faltima generaci\u00f3n. Desinfectante de efectividad probada de manera independiente contra<\/p>","protected":false},"featured_media":2105,"template":"","meta":{"_joinchat":[]},"product_brand":[],"product_cat":[55,52],"product_tag":[],"class_list":{"0":"post-2042","1":"product","2":"type-product","3":"status-publish","4":"has-post-thumbnail","6":"product_cat-desinfectantes","7":"product_cat-vitaminas-y-desinfectantes","9":"first","10":"instock","11":"shipping-taxable","12":"product-type-simple"},"_links":{"self":[{"href":"https:\/\/falconryplanet.com\/en\/wp-json\/wp\/v2\/product\/2042","targetHints":{"allow":["GET"]}}],"collection":[{"href":"https:\/\/falconryplanet.com\/en\/wp-json\/wp\/v2\/product"}],"about":[{"href":"https:\/\/falconryplanet.com\/en\/wp-json\/wp\/v2\/types\/product"}],"wp:featuredmedia":[{"embeddable":true,"href":"https:\/\/falconryplanet.com\/en\/wp-json\/wp\/v2\/media\/2105"}],"wp:attachment":[{"href":"https:\/\/falconryplanet.com\/en\/wp-json\/wp\/v2\/media?parent=2042"}],"wp:term":[{"taxonomy":"product_brand","embeddable":true,"href":"https:\/\/falconryplanet.com\/en\/wp-json\/wp\/v2\/product_brand?post=2042"},{"taxonomy":"product_cat","embeddable":true,"href":"https:\/\/falconryplanet.com\/en\/wp-json\/wp\/v2\/product_cat?post=2042"},{"taxonomy":"product_tag","embeddable":true,"href":"https:\/\/falconryplanet.com\/en\/wp-json\/wp\/v2\/product_tag?post=2042"}],"curies":[{"name":"wp","href":"https:\/\/api.w.org\/{rel}","templated":true}]}}