{"id":2117,"date":"2021-11-24T23:02:02","date_gmt":"2021-11-24T21:02:02","guid":{"rendered":"https:\/\/falconryplanet.com\/?post_type=product&#038;p=2117"},"modified":"2026-05-04T17:56:28","modified_gmt":"2026-05-04T15:56:28","slug":"dario-perez-guante-largo-tricolor","status":"publish","type":"product","link":"https:\/\/falconryplanet.com\/en\/dario-perez-guante-largo-tricolor\/","title":{"rendered":"Dar\u00edo P\u00e9rez Long-sleeved Tricolour"},"content":{"rendered":"<p>Dar\u00edo P\u00e9rez.\u00a0 Guantes de dos capas trabajados artesanalmente con pieles de 1\u00aa calidad, en Serraje, Nobuk o Pecari. Reforzados y con suaves terminaciones.<br \/>\nDisponible en todas las tallas.<br \/>\nInd\u00edcanos en el apartado de observaciones si tu guante es para zurdos.<br \/>\nCons\u00faltanos en el apartado de observaciones la posibilidad de personalizaci\u00f3n.<br \/>\nDelivery time: 7 working days.<br \/>\n<strong>Special prices on orders of three or more units, please contact us.<\/strong><\/p>","protected":false},"excerpt":{"rendered":"<p>Dar\u00edo P\u00e9rez.\u00a0 Guantes de dos capas trabajados artesanalmente con pieles de 1\u00aa calidad, en Serraje, Nobuk o Pecari. Reforzados y<\/p>","protected":false},"featured_media":2212,"template":"","meta":{"_joinchat":[]},"product_brand":[],"product_cat":[63,64],"product_tag":[],"class_list":{"0":"post-2117","1":"product","2":"type-product","3":"status-publish","4":"has-post-thumbnail","6":"product_cat-guantes","7":"product_cat-guantes-dos-capas","9":"first","10":"instock","11":"shipping-taxable","12":"product-type-simple"},"_links":{"self":[{"href":"https:\/\/falconryplanet.com\/en\/wp-json\/wp\/v2\/product\/2117","targetHints":{"allow":["GET"]}}],"collection":[{"href":"https:\/\/falconryplanet.com\/en\/wp-json\/wp\/v2\/product"}],"about":[{"href":"https:\/\/falconryplanet.com\/en\/wp-json\/wp\/v2\/types\/product"}],"wp:featuredmedia":[{"embeddable":true,"href":"https:\/\/falconryplanet.com\/en\/wp-json\/wp\/v2\/media\/2212"}],"wp:attachment":[{"href":"https:\/\/falconryplanet.com\/en\/wp-json\/wp\/v2\/media?parent=2117"}],"wp:term":[{"taxonomy":"product_brand","embeddable":true,"href":"https:\/\/falconryplanet.com\/en\/wp-json\/wp\/v2\/product_brand?post=2117"},{"taxonomy":"product_cat","embeddable":true,"href":"https:\/\/falconryplanet.com\/en\/wp-json\/wp\/v2\/product_cat?post=2117"},{"taxonomy":"product_tag","embeddable":true,"href":"https:\/\/falconryplanet.com\/en\/wp-json\/wp\/v2\/product_tag?post=2117"}],"curies":[{"name":"wp","href":"https:\/\/api.w.org\/{rel}","templated":true}]}}