{"id":2247,"date":"2021-11-24T23:04:58","date_gmt":"2021-11-24T21:04:58","guid":{"rendered":"https:\/\/falconryplanet.com\/?post_type=product&#038;p=2247"},"modified":"2021-11-24T23:05:38","modified_gmt":"2021-11-24T21:05:38","slug":"pablo-luena-senuelo-aguilas-grandes-rapaces","status":"publish","type":"product","link":"https:\/\/falconryplanet.com\/en\/pablo-luena-senuelo-aguilas-grandes-rapaces\/","title":{"rendered":"Pablo Luena Lure Eagles\/Large Birds of Prey"},"content":{"rendered":"<p>Pablo Luena. Se\u00f1uelo para grandes \u00c1guilas.<br \/>\nCualquier equipamiento para estas grandes aves debe ser muy exigente, por eso, antes de poner a la venta este m\u00e1gnifico se\u00f1uelo lo hemos probado a conciencia con una de las aves m\u00e1s bellas y fuertes del mundo, el \u00c1guila Real.<br \/>\nSometido a las condiciones m\u00e1s duras por parte del cetrero y del \u00e1guila, podemos asegurar y garantizar que cumplir\u00e1 con las expectativas del m\u00e1s exigente.<br \/>\nSu peso est\u00e1 entre los 3,5 \/4 kg, fabricado en cuero resistente y cosido a mano.<br \/>\nPlazo de entrega: 7-8 d\u00edas laborables.<br \/>\n<strong>Special prices on orders of three or more units, please contact us.<\/strong><\/p>","protected":false},"excerpt":{"rendered":"<p>Pablo Luena. Se\u00f1uelo para grandes \u00c1guilas. Cualquier equipamiento para estas grandes aves debe ser muy exigente, por eso, antes de<\/p>","protected":false},"featured_media":2295,"template":"","meta":{"_joinchat":[]},"product_brand":[],"product_cat":[78,79],"product_tag":[],"class_list":{"0":"post-2247","1":"product","2":"type-product","3":"status-publish","4":"has-post-thumbnail","6":"product_cat-senuelos","7":"product_cat-senuelos-grandes-rapaces","9":"first","10":"instock","11":"shipping-taxable","12":"product-type-simple"},"_links":{"self":[{"href":"https:\/\/falconryplanet.com\/en\/wp-json\/wp\/v2\/product\/2247","targetHints":{"allow":["GET"]}}],"collection":[{"href":"https:\/\/falconryplanet.com\/en\/wp-json\/wp\/v2\/product"}],"about":[{"href":"https:\/\/falconryplanet.com\/en\/wp-json\/wp\/v2\/types\/product"}],"wp:featuredmedia":[{"embeddable":true,"href":"https:\/\/falconryplanet.com\/en\/wp-json\/wp\/v2\/media\/2295"}],"wp:attachment":[{"href":"https:\/\/falconryplanet.com\/en\/wp-json\/wp\/v2\/media?parent=2247"}],"wp:term":[{"taxonomy":"product_brand","embeddable":true,"href":"https:\/\/falconryplanet.com\/en\/wp-json\/wp\/v2\/product_brand?post=2247"},{"taxonomy":"product_cat","embeddable":true,"href":"https:\/\/falconryplanet.com\/en\/wp-json\/wp\/v2\/product_cat?post=2247"},{"taxonomy":"product_tag","embeddable":true,"href":"https:\/\/falconryplanet.com\/en\/wp-json\/wp\/v2\/product_tag?post=2247"}],"curies":[{"name":"wp","href":"https:\/\/api.w.org\/{rel}","templated":true}]}}