{"id":2248,"date":"2021-11-24T23:04:58","date_gmt":"2021-11-24T21:04:58","guid":{"rendered":"https:\/\/falconryplanet.com\/?post_type=product&#038;p=2248"},"modified":"2021-11-24T23:21:29","modified_gmt":"2021-11-24T21:21:29","slug":"pablo-luena-senuelo-y-funda-de-urraca","status":"publish","type":"product","link":"https:\/\/falconryplanet.com\/en\/pablo-luena-senuelo-y-funda-de-urraca\/","title":{"rendered":"Pablo Luena Se\u00f1uelo y Funda de Urraca"},"content":{"rendered":"<p>Pablo Luena. Se\u00f1uelo &#8211; Funda &#8211; Se\u00f1uelo y Funda de Urraca.<br \/>\nR\u00e1pida alternativa al cetrero..<br \/>\nUn se\u00f1uelo normal y una funda f\u00e1cil de quitar y poner.<br \/>\nConsta de 11 piezas cosidas a mano de una piel muy resistente.<br \/>\nSu peso est\u00e1 entre los 150 gramos.<br \/>\nPlazo de entrega: 7-8 d\u00edas laborables.<br \/>\n<strong>Special prices on orders of three or more units, please contact us.<\/strong><\/p>","protected":false},"excerpt":{"rendered":"<p>Pablo Luena. Se\u00f1uelo &#8211; Funda &#8211; Se\u00f1uelo y Funda de Urraca. R\u00e1pida alternativa al cetrero.. Un se\u00f1uelo normal y una<\/p>","protected":false},"featured_media":2297,"template":"","meta":{"_joinchat":[]},"product_brand":[],"product_cat":[78],"product_tag":[],"class_list":{"0":"post-2248","1":"product","2":"type-product","3":"status-publish","4":"has-post-thumbnail","6":"product_cat-senuelos","8":"first","9":"instock","10":"shipping-taxable","11":"product-type-variable"},"_links":{"self":[{"href":"https:\/\/falconryplanet.com\/en\/wp-json\/wp\/v2\/product\/2248","targetHints":{"allow":["GET"]}}],"collection":[{"href":"https:\/\/falconryplanet.com\/en\/wp-json\/wp\/v2\/product"}],"about":[{"href":"https:\/\/falconryplanet.com\/en\/wp-json\/wp\/v2\/types\/product"}],"wp:featuredmedia":[{"embeddable":true,"href":"https:\/\/falconryplanet.com\/en\/wp-json\/wp\/v2\/media\/2297"}],"wp:attachment":[{"href":"https:\/\/falconryplanet.com\/en\/wp-json\/wp\/v2\/media?parent=2248"}],"wp:term":[{"taxonomy":"product_brand","embeddable":true,"href":"https:\/\/falconryplanet.com\/en\/wp-json\/wp\/v2\/product_brand?post=2248"},{"taxonomy":"product_cat","embeddable":true,"href":"https:\/\/falconryplanet.com\/en\/wp-json\/wp\/v2\/product_cat?post=2248"},{"taxonomy":"product_tag","embeddable":true,"href":"https:\/\/falconryplanet.com\/en\/wp-json\/wp\/v2\/product_tag?post=2248"}],"curies":[{"name":"wp","href":"https:\/\/api.w.org\/{rel}","templated":true}]}}