{"id":2249,"date":"2021-11-24T23:04:58","date_gmt":"2021-11-24T21:04:58","guid":{"rendered":"https:\/\/falconryplanet.com\/?post_type=product&#038;p=2249"},"modified":"2021-11-24T23:05:50","modified_gmt":"2021-11-24T21:05:50","slug":"ricardo-hernandez-airdrone-anade-real","status":"publish","type":"product","link":"https:\/\/falconryplanet.com\/en\/ricardo-hernandez-airdrone-anade-real\/","title":{"rendered":"Ricardo Hern\u00e1ndez AirDrone \u00c1nade Real"},"content":{"rendered":"<p>AirDrone, unos se\u00f1uelos ligeros pero resistentes e ideales para volarlos con drones pero tambi\u00e9n como se\u00f1uelo de uso diario en el volteo, se han realizado de forma que nos hemos querido acercar lo m\u00e1s posible a los espec\u00edmenes silvestres.<br \/>\nEstos se\u00f1uelos enloquecen a las aves y los atacan con m\u00e1s entusiasmos que los se\u00f1uelos normales.<br \/>\nHemos de advertir que algunos halcones, en ocasiones, tienden a querer desplumarlos hasta que se percatan de su error despu\u00e9s de varios d\u00edas de trabajo.<br \/>\nIdeales tambi\u00e9n para el entrenamiento e introducci\u00f3n a una presa silvestre y para utilizar en los controles de fauna.<br \/>\nSon se\u00f1uelos que presentan gran capacidad para soportar los impactos de las rapaces frente a otros realizados solamente en espuma u otros materiales m\u00e1s endebles.<br \/>\nEl se\u00f1uelo est\u00e1 construido en espuma flexible de diferentes densidades que ha sido importada de Estados Unidos (ya que en Espa\u00f1a no la hemos encontrado) al igual que el material de goma que cubre la espuma en diferentes capas y que lleva entre estas la pintura, convirti\u00e9ndose por lo tanto en permanente, ya que la pintura del cuerpo del ave no est\u00e1 expuesta al medio.<br \/>\nInternamente lleva un esqueleto de cuerda de piano que da consistencia al cuerpo y las alas, siendo este material muy resistente.<br \/>\nLas alas est\u00e1n confeccionadas, intencionadamente, en cuero blando y ligero, ya que probamos con otros materiales como el poli\u00e9ster o el vinilo, pero nos pareci\u00f3 peligroso por resultar cortantes en su filo (al menos los materiales que nosotros manejamos\u2026), pudiendo da\u00f1ar a las aves.<br \/>\nLas alas se han bajado del plano horizontal para proporcionar mayor estabilidad en el vuelo y se mueven en el vuelo horizontal a gran velocidad con el drone, especialmente las de aquellos se\u00f1uelos m\u00e1s grandes.<br \/>\nEstas y todas las partes est\u00e1n pintadas con pinturas y barnices al agua no t\u00f3xicos para nuestras aves.<br \/>\nLa mayor resistencia la presenta el fuselaje o cuerpo del ave, pero tanto este como las alas son resistentes a la lluvia y a los rayos UV.<\/p>\n<p>Nota<b>:<\/b> los se\u00f1uelos est\u00e1n confeccionados a mano, por lo tanto no hay dos completamente iguales.<br \/>\nEl tama\u00f1o de anade real es \u00be\u00a0 del tama\u00f1o real.<\/p>\n<p>Medidas:<br \/>\nLongitud: 43 cm.<br \/>\nEnvergadura alar: 50 cm (con alas semi-encogidas, tal y como aparece en la fotograf\u00eda).<br \/>\nGrosor: 8 cm.<br \/>\nPlazo de entrega 10 d\u00edas.<br \/>\n<strong>Special prices on orders of three or more units, please contact us.<\/strong><\/p>","protected":false},"excerpt":{"rendered":"<p>AirDrone, unos se\u00f1uelos ligeros pero resistentes e ideales para volarlos con drones pero tambi\u00e9n como se\u00f1uelo de uso diario en<\/p>","protected":false},"featured_media":2303,"template":"","meta":{"_joinchat":[]},"product_brand":[],"product_cat":[78],"product_tag":[],"class_list":{"0":"post-2249","1":"product","2":"type-product","3":"status-publish","4":"has-post-thumbnail","6":"product_cat-senuelos","8":"first","9":"instock","10":"shipping-taxable","11":"product-type-simple"},"_links":{"self":[{"href":"https:\/\/falconryplanet.com\/en\/wp-json\/wp\/v2\/product\/2249","targetHints":{"allow":["GET"]}}],"collection":[{"href":"https:\/\/falconryplanet.com\/en\/wp-json\/wp\/v2\/product"}],"about":[{"href":"https:\/\/falconryplanet.com\/en\/wp-json\/wp\/v2\/types\/product"}],"wp:featuredmedia":[{"embeddable":true,"href":"https:\/\/falconryplanet.com\/en\/wp-json\/wp\/v2\/media\/2303"}],"wp:attachment":[{"href":"https:\/\/falconryplanet.com\/en\/wp-json\/wp\/v2\/media?parent=2249"}],"wp:term":[{"taxonomy":"product_brand","embeddable":true,"href":"https:\/\/falconryplanet.com\/en\/wp-json\/wp\/v2\/product_brand?post=2249"},{"taxonomy":"product_cat","embeddable":true,"href":"https:\/\/falconryplanet.com\/en\/wp-json\/wp\/v2\/product_cat?post=2249"},{"taxonomy":"product_tag","embeddable":true,"href":"https:\/\/falconryplanet.com\/en\/wp-json\/wp\/v2\/product_tag?post=2249"}],"curies":[{"name":"wp","href":"https:\/\/api.w.org\/{rel}","templated":true}]}}