{"id":2254,"date":"2021-11-24T23:04:58","date_gmt":"2021-11-24T21:04:58","guid":{"rendered":"https:\/\/falconryplanet.com\/?post_type=product&#038;p=2254"},"modified":"2021-11-24T23:15:21","modified_gmt":"2021-11-24T21:15:21","slug":"masalles-complejo-vitaminico-mineral-falcon-top-complex","status":"publish","type":"product","link":"https:\/\/falconryplanet.com\/en\/masalles-complejo-vitaminico-mineral-falcon-top-complex\/","title":{"rendered":"Masalles Complejo vitam\u00ednico mineral Falcon Top Complex"},"content":{"rendered":"<p>El complejo vitam\u00ednico mineral para halcones Falcon Top Complex ha sido creado para las aves rapaces aportando los nutrientes, vitaminas, amino\u00e1cidos y minerales para el mantenimiento, muda, cr\u00eda, reproducci\u00f3n y vuelo de las aves de presa.<br \/>\nSe ha tenido muy en cuenta tanto su sabor para que sea totalmente aceptado por el ave como la cantidad necesaria de carotenos para un perfecto jalde.<\/p>\n<p>FUNDAMENTO:<br \/>\nLa alimentaci\u00f3n de las aves rapaces en cautividad suele estar basada en pollitos o codornices de granja y por lo general del mismo sexo, por lo tanto pueden presentar en muchas ocasiones carencias o desequilibrios puntuales en los nutrientes m\u00e1s importantes como son los amino\u00e1cidos esenciales, los minerales digestibles, \u00e1cidos grasos esenciales y az\u00facares esenciales.<br \/>\nEn la naturaleza las presas que cazan tiene una alimentaci\u00f3n variada, son de diferentes especies, sexo e incluso depende de la \u00e9poca del a\u00f1o les suministran los aportes que m\u00e1s necesitan.<br \/>\nPeor a\u00fan es cuando por comodidad se le suministra alimento descongelado ya que puede haber p\u00e9rdida de prote\u00ednas por congelaci\u00f3n o descongelaci\u00f3n defectuosa, las vitaminas C y B suelen perderse por una descongelaci\u00f3n incorrecta, aparte las grasas se vuelven rancias en muy corto plazo, por eso se convierte en necesario en la alimentaci\u00f3n de las aves rapaces de cautividad el sumin\u00edstrales a diario el complejo vitam\u00ednico mineral para halcones Falcon Top Complex para compensar todas esas carencias.<br \/>\nIgualmente est\u00e1 indicado en sus cr\u00edas a partir del segundo d\u00eda de vida, al tener el metabolismo mucho m\u00e1s r\u00e1pido que un adulto se aconseja en pollitos de 2 a 20 d\u00edas suministrarle el doble de la dosis recomendada para los adultos.<\/p>\n<p>FUNCIONES:<br \/>\nEl aporte de amino\u00e1cidos libres, minerales asimilables, vitaminas, \u00e1cidos grasos y az\u00facares estimula el proceso<br \/>\ndigestivo en sus distintas fases mejorando el metabolismo proteico y energ\u00e9tico, el sistema m\u00fasculo esquel\u00e9tico,<br \/>\naumentando la capacidad de su sistema inmunitario y por consiguiente su capacidad f\u00edsica y reproductiva.<\/p>\n<p>TAMA\u00d1OS:<br \/>\nEl complejo vitam\u00ednico para halcones Falcon Top Complex se presenta en 5 formatos disponibles de 250 grs, 500 grs, 1 kg, 2,3 kg y 5 kg.<br \/>\nDelivery time: 7 working days.<br \/>\n<strong>Special prices on orders of three or more units, please contact us.<\/strong><\/p>","protected":false},"excerpt":{"rendered":"<p>El complejo vitam\u00ednico mineral para halcones Falcon Top Complex ha sido creado para las aves rapaces aportando los nutrientes, vitaminas,<\/p>","protected":false},"featured_media":2331,"template":"","meta":{"_joinchat":[]},"product_brand":[],"product_cat":[53,52],"product_tag":[],"class_list":{"0":"post-2254","1":"product","2":"type-product","3":"status-publish","4":"has-post-thumbnail","6":"product_cat-vitaminas","7":"product_cat-vitaminas-y-desinfectantes","9":"first","10":"instock","11":"featured","12":"shipping-taxable","13":"product-type-variable"},"_links":{"self":[{"href":"https:\/\/falconryplanet.com\/en\/wp-json\/wp\/v2\/product\/2254","targetHints":{"allow":["GET"]}}],"collection":[{"href":"https:\/\/falconryplanet.com\/en\/wp-json\/wp\/v2\/product"}],"about":[{"href":"https:\/\/falconryplanet.com\/en\/wp-json\/wp\/v2\/types\/product"}],"wp:featuredmedia":[{"embeddable":true,"href":"https:\/\/falconryplanet.com\/en\/wp-json\/wp\/v2\/media\/2331"}],"wp:attachment":[{"href":"https:\/\/falconryplanet.com\/en\/wp-json\/wp\/v2\/media?parent=2254"}],"wp:term":[{"taxonomy":"product_brand","embeddable":true,"href":"https:\/\/falconryplanet.com\/en\/wp-json\/wp\/v2\/product_brand?post=2254"},{"taxonomy":"product_cat","embeddable":true,"href":"https:\/\/falconryplanet.com\/en\/wp-json\/wp\/v2\/product_cat?post=2254"},{"taxonomy":"product_tag","embeddable":true,"href":"https:\/\/falconryplanet.com\/en\/wp-json\/wp\/v2\/product_tag?post=2254"}],"curies":[{"name":"wp","href":"https:\/\/api.w.org\/{rel}","templated":true}]}}