{"id":2255,"date":"2021-11-24T23:04:58","date_gmt":"2021-11-24T21:04:58","guid":{"rendered":"https:\/\/falconryplanet.com\/?post_type=product&#038;p=2255"},"modified":"2021-11-24T23:06:35","modified_gmt":"2021-11-24T21:06:35","slug":"masalles-falcon-probiotic","status":"publish","type":"product","link":"https:\/\/falconryplanet.com\/en\/masalles-falcon-probiotic\/","title":{"rendered":"Masalles Falcon Probiotic"},"content":{"rendered":"<p>Nos complace presentaros el nuevo\u00a0Falcon Probotic, en Masalles somos conscientes del papel fundamental que conlleva una buena salud en un centro de cr\u00eda, muchas veces el que no sea as\u00ed es motivado por diferentes causas como situaciones de estr\u00e9s, una alimentaci\u00f3n inadecuada, unas condiciones climatol\u00f3gicas extremas&#8230; Pero tambi\u00e9n cada d\u00eda m\u00e1s en los centros de cr\u00eda la incubaci\u00f3n de los huevos y la cr\u00eda de los pollitos\u00a0 no lo realizan los padres y en este caso\u00a0Falcon Probiotic\u00a0es el mejor sustito a la saliva de la madre tan necesaria para que el pollito tenga sus propias defensas ante agente pat\u00f3genos.<br \/>\nCada envase de Falcon Probiotic contiene 5 sobres de 2,5 gr.<br \/>\nCOMPOSICI\u00d3N:<br \/>\nCepas bacterianas beneficiosas de los g\u00e9neros: Lactobacillus spp, Bifidobacterium spp, Enterococcus spp y Streptococcus spp presentes en el tracto digestivo y saliva de las aves sanas.<br \/>\nCONCENTRACI\u00d3N:<br \/>\n1800 millones UFC\/g.<br \/>\nUSOS:<br \/>\nControlar situaciones de malabsorci\u00f3n con procesos diarreicos en aves.<br \/>\nReponer una buena flora bacteriana tras tratamientos antibi\u00f3ticos.<br \/>\nPrevenir trastornos digestivos y sist\u00e9micos ante situaciones de estr\u00e9s o cambio de alimentaci\u00f3n.<br \/>\nMejorar la condici\u00f3n corporal contribuyendo a la absorci\u00f3n de vitaminas y minerales.<br \/>\nContribuye a la crianza de pollitos como sustitutivo de la saliva materna.<br \/>\nDOSIFICACI\u00d3N:<br \/>\n0.2-0.5 gr\/Kg p.v una o varias veces al d\u00eda, en agua o alimento hasta reponer la flora intestinal.<br \/>\nDelivery time: 7 working days.<br \/>\n<strong>Special prices on orders of three or more units, please contact us.<\/strong><\/p>","protected":false},"excerpt":{"rendered":"<p>Nos complace presentaros el nuevo\u00a0Falcon Probotic, en Masalles somos conscientes del papel fundamental que conlleva una buena salud en un<\/p>","protected":false},"featured_media":2332,"template":"","meta":{"_joinchat":[]},"product_brand":[],"product_cat":[53,52],"product_tag":[],"class_list":{"0":"post-2255","1":"product","2":"type-product","3":"status-publish","4":"has-post-thumbnail","6":"product_cat-vitaminas","7":"product_cat-vitaminas-y-desinfectantes","9":"first","10":"instock","11":"featured","12":"shipping-taxable","13":"product-type-simple"},"_links":{"self":[{"href":"https:\/\/falconryplanet.com\/en\/wp-json\/wp\/v2\/product\/2255","targetHints":{"allow":["GET"]}}],"collection":[{"href":"https:\/\/falconryplanet.com\/en\/wp-json\/wp\/v2\/product"}],"about":[{"href":"https:\/\/falconryplanet.com\/en\/wp-json\/wp\/v2\/types\/product"}],"wp:featuredmedia":[{"embeddable":true,"href":"https:\/\/falconryplanet.com\/en\/wp-json\/wp\/v2\/media\/2332"}],"wp:attachment":[{"href":"https:\/\/falconryplanet.com\/en\/wp-json\/wp\/v2\/media?parent=2255"}],"wp:term":[{"taxonomy":"product_brand","embeddable":true,"href":"https:\/\/falconryplanet.com\/en\/wp-json\/wp\/v2\/product_brand?post=2255"},{"taxonomy":"product_cat","embeddable":true,"href":"https:\/\/falconryplanet.com\/en\/wp-json\/wp\/v2\/product_cat?post=2255"},{"taxonomy":"product_tag","embeddable":true,"href":"https:\/\/falconryplanet.com\/en\/wp-json\/wp\/v2\/product_tag?post=2255"}],"curies":[{"name":"wp","href":"https:\/\/api.w.org\/{rel}","templated":true}]}}