{"id":2582,"date":"2021-11-24T23:11:02","date_gmt":"2021-11-24T21:11:02","guid":{"rendered":"https:\/\/falconryplanet.com\/?post_type=product&#038;p=2582"},"modified":"2021-11-24T23:11:47","modified_gmt":"2021-11-24T21:11:47","slug":"azor-18","status":"publish","type":"product","link":"https:\/\/falconryplanet.com\/en\/azor-18\/","title":{"rendered":"Azor 18"},"content":{"rendered":"<p>Fotograf\u00eda profesional de Pedro Fern\u00e1ndez.<br \/>\nL\u00e1mina en soporte fotogr\u00e1fico de alta calidad Fuji p2 disponible en dos medidas 70&#215;50 y 50&#215;40.<br \/>\nSe env\u00eda en tubo de seguridad.<br \/>\nDelivery time: 7 working days.<\/p>","protected":false},"excerpt":{"rendered":"<p>Fotograf\u00eda profesional de Pedro Fern\u00e1ndez. L\u00e1mina en soporte fotogr\u00e1fico de alta calidad Fuji p2 disponible en dos medidas 70&#215;50 y<\/p>","protected":false},"featured_media":2623,"template":"","meta":{"_joinchat":[]},"product_brand":[],"product_cat":[95,87],"product_tag":[],"class_list":{"0":"post-2582","1":"product","2":"type-product","3":"status-publish","4":"has-post-thumbnail","6":"product_cat-azores","7":"product_cat-fotografia-profesional","9":"first","10":"instock","11":"shipping-taxable","12":"product-type-variable"},"_links":{"self":[{"href":"https:\/\/falconryplanet.com\/en\/wp-json\/wp\/v2\/product\/2582","targetHints":{"allow":["GET"]}}],"collection":[{"href":"https:\/\/falconryplanet.com\/en\/wp-json\/wp\/v2\/product"}],"about":[{"href":"https:\/\/falconryplanet.com\/en\/wp-json\/wp\/v2\/types\/product"}],"wp:featuredmedia":[{"embeddable":true,"href":"https:\/\/falconryplanet.com\/en\/wp-json\/wp\/v2\/media\/2623"}],"wp:attachment":[{"href":"https:\/\/falconryplanet.com\/en\/wp-json\/wp\/v2\/media?parent=2582"}],"wp:term":[{"taxonomy":"product_brand","embeddable":true,"href":"https:\/\/falconryplanet.com\/en\/wp-json\/wp\/v2\/product_brand?post=2582"},{"taxonomy":"product_cat","embeddable":true,"href":"https:\/\/falconryplanet.com\/en\/wp-json\/wp\/v2\/product_cat?post=2582"},{"taxonomy":"product_tag","embeddable":true,"href":"https:\/\/falconryplanet.com\/en\/wp-json\/wp\/v2\/product_tag?post=2582"}],"curies":[{"name":"wp","href":"https:\/\/api.w.org\/{rel}","templated":true}]}}