{"id":2608,"date":"2021-11-24T23:11:26","date_gmt":"2021-11-24T21:11:26","guid":{"rendered":"https:\/\/falconryplanet.com\/?post_type=product&#038;p=2608"},"modified":"2021-11-24T23:25:13","modified_gmt":"2021-11-24T21:25:13","slug":"ruben-olvera-pihuelas-con-freno","status":"publish","type":"product","link":"https:\/\/falconryplanet.com\/en\/ruben-olvera-pihuelas-con-freno\/","title":{"rendered":"Ruben Olvera Pihuelas Con Freno"},"content":{"rendered":"<p>Ruben Olvera. Pihuelas con Freno, fabricado en Termopl\u00e1stico de poliuretano de alta calidad 3D Lavable, resistente, protecci\u00f3n UV, antienredos y amortiguaci\u00f3n.<br \/>\nSizes for eagles, vultures and large raptors, please contact.<br \/>\nDelivery time: 7 working days.<br \/>\n<strong>Special prices on orders of three or more units, please contact us.<\/strong><\/p>","protected":false},"excerpt":{"rendered":"<p>Ruben Olvera. Pihuelas con Freno, fabricado en Termopl\u00e1stico de poliuretano de alta calidad 3D Lavable, resistente, protecci\u00f3n UV, antienredos y<\/p>","protected":false},"featured_media":2645,"template":"","meta":{"_joinchat":[]},"product_brand":[],"product_cat":[105,103],"product_tag":[],"class_list":{"0":"post-2608","1":"product","2":"type-product","3":"status-publish","4":"has-post-thumbnail","6":"product_cat-pihuelas-con-freno","7":"product_cat-pihuelas-y-munequeras","9":"first","10":"instock","11":"shipping-taxable","12":"product-type-variable"},"_links":{"self":[{"href":"https:\/\/falconryplanet.com\/en\/wp-json\/wp\/v2\/product\/2608","targetHints":{"allow":["GET"]}}],"collection":[{"href":"https:\/\/falconryplanet.com\/en\/wp-json\/wp\/v2\/product"}],"about":[{"href":"https:\/\/falconryplanet.com\/en\/wp-json\/wp\/v2\/types\/product"}],"wp:featuredmedia":[{"embeddable":true,"href":"https:\/\/falconryplanet.com\/en\/wp-json\/wp\/v2\/media\/2645"}],"wp:attachment":[{"href":"https:\/\/falconryplanet.com\/en\/wp-json\/wp\/v2\/media?parent=2608"}],"wp:term":[{"taxonomy":"product_brand","embeddable":true,"href":"https:\/\/falconryplanet.com\/en\/wp-json\/wp\/v2\/product_brand?post=2608"},{"taxonomy":"product_cat","embeddable":true,"href":"https:\/\/falconryplanet.com\/en\/wp-json\/wp\/v2\/product_cat?post=2608"},{"taxonomy":"product_tag","embeddable":true,"href":"https:\/\/falconryplanet.com\/en\/wp-json\/wp\/v2\/product_tag?post=2608"}],"curies":[{"name":"wp","href":"https:\/\/api.w.org\/{rel}","templated":true}]}}