{"id":2723,"date":"2021-11-24T23:12:56","date_gmt":"2021-11-24T21:12:56","guid":{"rendered":"https:\/\/falconryplanet.com\/?post_type=product&#038;p=2723"},"modified":"2021-11-24T23:13:43","modified_gmt":"2021-11-24T21:13:43","slug":"caza-1","status":"publish","type":"product","link":"https:\/\/falconryplanet.com\/en\/caza-1\/","title":{"rendered":"Caza 1"},"content":{"rendered":"<p>Fotograf\u00eda profesional de Alejandro Oria.<br \/>\nL\u00e1mina en soporte fotogr\u00e1fico de alta calidad Fuji p2 disponible en dos medidas 70&#215;50 y 50&#215;40.<br \/>\nSe env\u00eda en tubo de seguridad.<br \/>\nDelivery time: 7 working days.<\/p>","protected":false},"excerpt":{"rendered":"<p>Fotograf\u00eda profesional de Alejandro Oria. L\u00e1mina en soporte fotogr\u00e1fico de alta calidad Fuji p2 disponible en dos medidas 70&#215;50 y<\/p>","protected":false},"featured_media":2760,"template":"","meta":{"_joinchat":[]},"product_brand":[],"product_cat":[110,87],"product_tag":[],"class_list":{"0":"post-2723","1":"product","2":"type-product","3":"status-publish","4":"has-post-thumbnail","6":"product_cat-caza","7":"product_cat-fotografia-profesional","9":"first","10":"instock","11":"shipping-taxable","12":"product-type-variable"},"_links":{"self":[{"href":"https:\/\/falconryplanet.com\/en\/wp-json\/wp\/v2\/product\/2723","targetHints":{"allow":["GET"]}}],"collection":[{"href":"https:\/\/falconryplanet.com\/en\/wp-json\/wp\/v2\/product"}],"about":[{"href":"https:\/\/falconryplanet.com\/en\/wp-json\/wp\/v2\/types\/product"}],"wp:featuredmedia":[{"embeddable":true,"href":"https:\/\/falconryplanet.com\/en\/wp-json\/wp\/v2\/media\/2760"}],"wp:attachment":[{"href":"https:\/\/falconryplanet.com\/en\/wp-json\/wp\/v2\/media?parent=2723"}],"wp:term":[{"taxonomy":"product_brand","embeddable":true,"href":"https:\/\/falconryplanet.com\/en\/wp-json\/wp\/v2\/product_brand?post=2723"},{"taxonomy":"product_cat","embeddable":true,"href":"https:\/\/falconryplanet.com\/en\/wp-json\/wp\/v2\/product_cat?post=2723"},{"taxonomy":"product_tag","embeddable":true,"href":"https:\/\/falconryplanet.com\/en\/wp-json\/wp\/v2\/product_tag?post=2723"}],"curies":[{"name":"wp","href":"https:\/\/api.w.org\/{rel}","templated":true}]}}