{"id":2749,"date":"2021-11-24T23:13:21","date_gmt":"2021-11-24T21:13:21","guid":{"rendered":"https:\/\/falconryplanet.com\/?post_type=product&#038;p=2749"},"modified":"2021-11-24T23:20:00","modified_gmt":"2021-11-24T21:20:00","slug":"ruben-olvera-munequeras-bajo-vuelo","status":"publish","type":"product","link":"https:\/\/falconryplanet.com\/en\/ruben-olvera-munequeras-bajo-vuelo\/","title":{"rendered":"Rub\u00e9n Olvera Mu\u00f1equeras Bajo Vuelo"},"content":{"rendered":"<p>Ruben Olvera. Dise\u00f1o con amortiguador antirozaduras y porta cascabel.<br \/>\nFabricadas en termopl\u00e1stico de poliuretano de alta calidad 3D.<br \/>\nLavable, resistente, protecci\u00f3n UV, antienredos y amortiguaci\u00f3n.<br \/>\nS\u00f3lo sirven para los gavlianes.<br \/>\nDelivery time: 7 working days.<br \/>\n<strong>Special prices on orders of three or more units, please contact us.<\/strong><\/p>","protected":false},"excerpt":{"rendered":"<p>Ruben Olvera. Dise\u00f1o con amortiguador antirozaduras y porta cascabel. Fabricadas en termopl\u00e1stico de poliuretano de alta calidad 3D. Lavable, resistente,<\/p>","protected":false},"featured_media":2789,"template":"","meta":{"_joinchat":[]},"product_brand":[],"product_cat":[115,103],"product_tag":[],"class_list":{"0":"post-2749","1":"product","2":"type-product","3":"status-publish","4":"has-post-thumbnail","6":"product_cat-munequeras","7":"product_cat-pihuelas-y-munequeras","9":"first","10":"instock","11":"shipping-taxable","12":"product-type-variable"},"_links":{"self":[{"href":"https:\/\/falconryplanet.com\/en\/wp-json\/wp\/v2\/product\/2749","targetHints":{"allow":["GET"]}}],"collection":[{"href":"https:\/\/falconryplanet.com\/en\/wp-json\/wp\/v2\/product"}],"about":[{"href":"https:\/\/falconryplanet.com\/en\/wp-json\/wp\/v2\/types\/product"}],"wp:featuredmedia":[{"embeddable":true,"href":"https:\/\/falconryplanet.com\/en\/wp-json\/wp\/v2\/media\/2789"}],"wp:attachment":[{"href":"https:\/\/falconryplanet.com\/en\/wp-json\/wp\/v2\/media?parent=2749"}],"wp:term":[{"taxonomy":"product_brand","embeddable":true,"href":"https:\/\/falconryplanet.com\/en\/wp-json\/wp\/v2\/product_brand?post=2749"},{"taxonomy":"product_cat","embeddable":true,"href":"https:\/\/falconryplanet.com\/en\/wp-json\/wp\/v2\/product_cat?post=2749"},{"taxonomy":"product_tag","embeddable":true,"href":"https:\/\/falconryplanet.com\/en\/wp-json\/wp\/v2\/product_tag?post=2749"}],"curies":[{"name":"wp","href":"https:\/\/api.w.org\/{rel}","templated":true}]}}