{"id":2777,"date":"2021-11-24T23:13:46","date_gmt":"2021-11-24T21:13:46","guid":{"rendered":"https:\/\/falconryplanet.com\/?post_type=product&#038;p=2777"},"modified":"2021-11-24T23:17:17","modified_gmt":"2021-11-24T21:17:17","slug":"masalles-complejo-vitaminico-mineral-top-complex-peregrinus","status":"publish","type":"product","link":"https:\/\/falconryplanet.com\/en\/masalles-complejo-vitaminico-mineral-top-complex-peregrinus\/","title":{"rendered":"Masalles Complejo vitam\u00ednico mineral Top Complex Peregrinus"},"content":{"rendered":"<p>El complejo vitam\u00ednico mineral Top Complex Peregrinus es un complejo vitam\u00ednico mineral de caracter\u00edsticas similares al Falcon Top Complex pero dise\u00f1ado especialmente para el metabolismo del Halc\u00f3n Peregrino.<br \/>\nEsta formulaci\u00f3n contiene Premix proteico, aminoac\u00eddico, mineral y vitam\u00ednico. Tambi\u00e9n es de f\u00e1cil asimilaci\u00f3n.<br \/>\nY adem\u00e1s promueve el cuidado de ri\u00f1ones e h\u00edgado.<\/p>\n<p>FUNCIONES:<br \/>\nEl aporte de amino\u00e1cidos libres, minerales asimilables, vitaminas, \u00e1cidos grasos y azucares estimula el proceso digestivo en sus distintas fases mejorando el metabolismo proteico y energ\u00e9tico, el sistema m\u00fasculo-esqueletico, aumentando su sistema inmunitario y por consiguiente su capacidad f\u00edsica y reproductiva.<br \/>\nIgualmente como Falcon Top Complex se aconseja su suministro a diario para compensar todas esas carencias debido a la alimentaci\u00f3n que se les proporciona a los Halcones Peregrinos en cautividad.<br \/>\nA las cr\u00edas se les debe suministrar a partir de los 2 d\u00edas de vida y hasta los 20 d\u00edas su dosificaci\u00f3n debido a su acelerado metabolismo debe ser el doble a la dosis aconsejada para los ejemplares adultos.<\/p>\n<p>TAMA\u00d1OS:<br \/>\nEl complejo vitam\u00ednico para halcones Top Complex Peregrinus se presenta en 4 formatos disponibles de 250 grs, 500 grs, 1 kg,\u00a02,3 kg\u00a0y 5 kg.<br \/>\nDelivery time: 7 working days.<br \/>\n<strong>Special prices on orders of three or more units, please contact us.<\/strong><\/p>","protected":false},"excerpt":{"rendered":"<p>El complejo vitam\u00ednico mineral Top Complex Peregrinus es un complejo vitam\u00ednico mineral de caracter\u00edsticas similares al Falcon Top Complex pero<\/p>","protected":false},"featured_media":2831,"template":"","meta":{"_joinchat":[]},"product_brand":[],"product_cat":[53,52],"product_tag":[],"class_list":{"0":"post-2777","1":"product","2":"type-product","3":"status-publish","4":"has-post-thumbnail","6":"product_cat-vitaminas","7":"product_cat-vitaminas-y-desinfectantes","9":"first","10":"instock","11":"shipping-taxable","12":"product-type-variable"},"_links":{"self":[{"href":"https:\/\/falconryplanet.com\/en\/wp-json\/wp\/v2\/product\/2777","targetHints":{"allow":["GET"]}}],"collection":[{"href":"https:\/\/falconryplanet.com\/en\/wp-json\/wp\/v2\/product"}],"about":[{"href":"https:\/\/falconryplanet.com\/en\/wp-json\/wp\/v2\/types\/product"}],"wp:featuredmedia":[{"embeddable":true,"href":"https:\/\/falconryplanet.com\/en\/wp-json\/wp\/v2\/media\/2831"}],"wp:attachment":[{"href":"https:\/\/falconryplanet.com\/en\/wp-json\/wp\/v2\/media?parent=2777"}],"wp:term":[{"taxonomy":"product_brand","embeddable":true,"href":"https:\/\/falconryplanet.com\/en\/wp-json\/wp\/v2\/product_brand?post=2777"},{"taxonomy":"product_cat","embeddable":true,"href":"https:\/\/falconryplanet.com\/en\/wp-json\/wp\/v2\/product_cat?post=2777"},{"taxonomy":"product_tag","embeddable":true,"href":"https:\/\/falconryplanet.com\/en\/wp-json\/wp\/v2\/product_tag?post=2777"}],"curies":[{"name":"wp","href":"https:\/\/api.w.org\/{rel}","templated":true}]}}