{"id":2778,"date":"2021-11-24T23:13:46","date_gmt":"2021-11-24T21:13:46","guid":{"rendered":"https:\/\/falconryplanet.com\/?post_type=product&#038;p=2778"},"modified":"2021-11-24T23:15:10","modified_gmt":"2021-11-24T21:15:10","slug":"ferrugino-1","status":"publish","type":"product","link":"https:\/\/falconryplanet.com\/en\/ferrugino-1\/","title":{"rendered":"Ferrugino 1"},"content":{"rendered":"<p>Fotograf\u00eda profesional de Alfonso Garc\u00eda (Zarza).<br \/>\nL\u00e1mina en soporte fotogr\u00e1fico de alta calidad Fuji p2 disponible en dos medidas 50&#215;70 y 40&#215;50.<br \/>\nSe env\u00eda en tubo de seguridad.<br \/>\nDelivery time: 7 working days.<\/p>","protected":false},"excerpt":{"rendered":"<p>Fotograf\u00eda profesional de Alfonso Garc\u00eda (Zarza). L\u00e1mina en soporte fotogr\u00e1fico de alta calidad Fuji p2 disponible en dos medidas 50&#215;70<\/p>","protected":false},"featured_media":2832,"template":"","meta":{"_joinchat":[]},"product_brand":[],"product_cat":[125,87],"product_tag":[],"class_list":{"0":"post-2778","1":"product","2":"type-product","3":"status-publish","4":"has-post-thumbnail","6":"product_cat-ferruginos","7":"product_cat-fotografia-profesional","9":"first","10":"instock","11":"shipping-taxable","12":"product-type-variable"},"_links":{"self":[{"href":"https:\/\/falconryplanet.com\/en\/wp-json\/wp\/v2\/product\/2778","targetHints":{"allow":["GET"]}}],"collection":[{"href":"https:\/\/falconryplanet.com\/en\/wp-json\/wp\/v2\/product"}],"about":[{"href":"https:\/\/falconryplanet.com\/en\/wp-json\/wp\/v2\/types\/product"}],"wp:featuredmedia":[{"embeddable":true,"href":"https:\/\/falconryplanet.com\/en\/wp-json\/wp\/v2\/media\/2832"}],"wp:attachment":[{"href":"https:\/\/falconryplanet.com\/en\/wp-json\/wp\/v2\/media?parent=2778"}],"wp:term":[{"taxonomy":"product_brand","embeddable":true,"href":"https:\/\/falconryplanet.com\/en\/wp-json\/wp\/v2\/product_brand?post=2778"},{"taxonomy":"product_cat","embeddable":true,"href":"https:\/\/falconryplanet.com\/en\/wp-json\/wp\/v2\/product_cat?post=2778"},{"taxonomy":"product_tag","embeddable":true,"href":"https:\/\/falconryplanet.com\/en\/wp-json\/wp\/v2\/product_tag?post=2778"}],"curies":[{"name":"wp","href":"https:\/\/api.w.org\/{rel}","templated":true}]}}