{"id":2781,"date":"2021-11-24T23:13:47","date_gmt":"2021-11-24T21:13:47","guid":{"rendered":"https:\/\/falconryplanet.com\/?post_type=product&#038;p=2781"},"modified":"2021-12-05T17:10:07","modified_gmt":"2021-12-05T15:10:07","slug":"ruben-olvera-diseno-con-amortiguador-anti-rozaduras-y-porta-cascabel","status":"publish","type":"product","link":"https:\/\/falconryplanet.com\/en\/ruben-olvera-diseno-con-amortiguador-anti-rozaduras-y-porta-cascabel\/","title":{"rendered":"Ruben Olvera. Dise\u00f1o con amortiguador anti rozaduras y porta cascabel"},"content":{"rendered":"<p>Ruben Olvera. Dise\u00f1o con amortiguador antirozaduras y porta cascabel.<br \/>\nFabricadas en termopl\u00e1stico de poliuretano de alta calidad 3D.<br \/>\nLavable, resistente, protecci\u00f3n UV, antienredos y amortiguaci\u00f3n.No sirven para los gavilanes.Se enviar sin ojal met\u00e1lico.<br \/>\nSizes for eagles, vultures and large raptors, please contact.<br \/>\nDelivery time: 7 working days.<br \/>\n<strong>Special prices on orders of three or more units, please contact us.<\/strong><\/p>","protected":false},"excerpt":{"rendered":"<p>Ruben Olvera. Dise\u00f1o con amortiguador antirozaduras y porta cascabel. Fabricadas en termopl\u00e1stico de poliuretano de alta calidad 3D. Lavable, resistente,<\/p>","protected":false},"featured_media":2839,"template":"","meta":{"_joinchat":[]},"product_brand":[],"product_cat":[115,103],"product_tag":[],"class_list":{"0":"post-2781","1":"product","2":"type-product","3":"status-publish","4":"has-post-thumbnail","6":"product_cat-munequeras","7":"product_cat-pihuelas-y-munequeras","9":"first","10":"instock","11":"shipping-taxable","12":"product-type-variable"},"_links":{"self":[{"href":"https:\/\/falconryplanet.com\/en\/wp-json\/wp\/v2\/product\/2781","targetHints":{"allow":["GET"]}}],"collection":[{"href":"https:\/\/falconryplanet.com\/en\/wp-json\/wp\/v2\/product"}],"about":[{"href":"https:\/\/falconryplanet.com\/en\/wp-json\/wp\/v2\/types\/product"}],"wp:featuredmedia":[{"embeddable":true,"href":"https:\/\/falconryplanet.com\/en\/wp-json\/wp\/v2\/media\/2839"}],"wp:attachment":[{"href":"https:\/\/falconryplanet.com\/en\/wp-json\/wp\/v2\/media?parent=2781"}],"wp:term":[{"taxonomy":"product_brand","embeddable":true,"href":"https:\/\/falconryplanet.com\/en\/wp-json\/wp\/v2\/product_brand?post=2781"},{"taxonomy":"product_cat","embeddable":true,"href":"https:\/\/falconryplanet.com\/en\/wp-json\/wp\/v2\/product_cat?post=2781"},{"taxonomy":"product_tag","embeddable":true,"href":"https:\/\/falconryplanet.com\/en\/wp-json\/wp\/v2\/product_tag?post=2781"}],"curies":[{"name":"wp","href":"https:\/\/api.w.org\/{rel}","templated":true}]}}