{"id":3169,"date":"2021-11-24T23:18:28","date_gmt":"2021-11-24T21:18:28","guid":{"rendered":"https:\/\/falconryplanet.com\/?post_type=product&#038;p=3169"},"modified":"2021-11-24T23:19:07","modified_gmt":"2021-11-24T21:19:07","slug":"libro-cetreria-con-cernicalos","status":"publish","type":"product","link":"https:\/\/falconryplanet.com\/en\/libro-cetreria-con-cernicalos\/","title":{"rendered":"Libro CETRER\u00cdA CON CERN\u00cdCALOS"},"content":{"rendered":"<p>ALFONSO GARC\u00cdA FERN\u00c1NDEZ (ZARZA).\u00a0Esta edici\u00f3n consta de 12 extensos cap\u00edtulos, 566 p\u00e1ginas y 319 dibujos y fotos a todo color.<br \/>\n\u00cdndice: 1- Diferentes cern\u00edcalos. 2- Algunas consideraciones. 3- Alimentaci\u00f3n. 4- Instalaciones y equipo. 5- El amansamiento, el placeo y la socializaci\u00f3n. 6- Inicio del adiestramiento. 7- La acci\u00f3n de la caza y su adistramiento. 8- Fitness. 9- La salud y el bienestar de nuestro cern\u00edcalo. 10- La cr\u00eda del cern\u00edcalo en cautividad y algunas hibridaciones. 11- Aparejos, patrones, posaderos. 12- Junto al fuego de la chimenea (an\u00e9cdotas, convivencias, observaciones).<\/p>\n<p>AUTOR:\u00a0ALFONSO GARC\u00cdA FERN\u00c1NDEZ (ZARZA)<br \/>\nEDITORIAL: AUTOR-EDITOR<br \/>\nA\u00d1O: 2018 (3\u00aa EDICI\u00d3N)<br \/>\nIDIOMAS: ESPA\u00d1OL<br \/>\nDIMENSIONES: 18 CM ANCHO, 25 CM ALTO<br \/>\nPESO: 1740 GRS<br \/>\nPlazo de entrega: 4 d\u00edas laborables.<\/p>","protected":false},"excerpt":{"rendered":"<p>ALFONSO GARC\u00cdA FERN\u00c1NDEZ (ZARZA).\u00a0Esta edici\u00f3n consta de 12 extensos cap\u00edtulos, 566 p\u00e1ginas y 319 dibujos y fotos a todo color.<\/p>","protected":false},"featured_media":3212,"template":"","meta":{"_joinchat":[]},"product_brand":[],"product_cat":[132],"product_tag":[],"class_list":{"0":"post-3169","1":"product","2":"type-product","3":"status-publish","4":"has-post-thumbnail","6":"product_cat-libros-de-cetreria","8":"first","9":"instock","10":"featured","11":"shipping-taxable","12":"product-type-simple"},"_links":{"self":[{"href":"https:\/\/falconryplanet.com\/en\/wp-json\/wp\/v2\/product\/3169","targetHints":{"allow":["GET"]}}],"collection":[{"href":"https:\/\/falconryplanet.com\/en\/wp-json\/wp\/v2\/product"}],"about":[{"href":"https:\/\/falconryplanet.com\/en\/wp-json\/wp\/v2\/types\/product"}],"wp:featuredmedia":[{"embeddable":true,"href":"https:\/\/falconryplanet.com\/en\/wp-json\/wp\/v2\/media\/3212"}],"wp:attachment":[{"href":"https:\/\/falconryplanet.com\/en\/wp-json\/wp\/v2\/media?parent=3169"}],"wp:term":[{"taxonomy":"product_brand","embeddable":true,"href":"https:\/\/falconryplanet.com\/en\/wp-json\/wp\/v2\/product_brand?post=3169"},{"taxonomy":"product_cat","embeddable":true,"href":"https:\/\/falconryplanet.com\/en\/wp-json\/wp\/v2\/product_cat?post=3169"},{"taxonomy":"product_tag","embeddable":true,"href":"https:\/\/falconryplanet.com\/en\/wp-json\/wp\/v2\/product_tag?post=3169"}],"curies":[{"name":"wp","href":"https:\/\/api.w.org\/{rel}","templated":true}]}}